{"id":281,"date":"2025-11-26T07:07:44","date_gmt":"2025-11-26T07:07:44","guid":{"rendered":"https:\/\/bambuestudio.com.mx\/?page_id=281"},"modified":"2025-11-26T07:17:17","modified_gmt":"2025-11-26T07:17:17","slug":"quienes-somos","status":"publish","type":"page","link":"https:\/\/bambuestudio.com.mx\/index.php\/quienes-somos\/","title":{"rendered":"Quienes somos"},"content":{"rendered":"<p>[et_pb_section fb_built=\u00bb1&#8243; _builder_version=\u00bb4.9.10&#8243; _module_preset=\u00bbdefault\u00bb max_width=\u00bb100%\u00bb min_height=\u00bb70px\u00bb min_height_tablet=\u00bb70px\u00bb min_height_phone=\u00bb64px\u00bb min_height_last_edited=\u00bbon|tablet\u00bb height=\u00bb46px\u00bb height_tablet=\u00bb56px\u00bb height_phone=\u00bb51px\u00bb height_last_edited=\u00bbon|desktop\u00bb custom_padding=\u00bb||0px|||\u00bb hover_enabled=\u00bb0&#8243; background_last_edited=\u00bbon|tablet\u00bb background_enable_image=\u00bboff\u00bb background_color=\u00bb#000000&#8243; sticky_enabled=\u00bb0&#8243; max_height=\u00bb368px\u00bb locked=\u00bboff\u00bb][et_pb_row _builder_version=\u00bb4.9.10&#8243; _module_preset=\u00bbdefault\u00bb column_structure=\u00bb1_3,2_3&#8243;][et_pb_column _builder_version=\u00bb4.9.10&#8243; _module_preset=\u00bbdefault\u00bb type=\u00bb1_3&#8243;][et_pb_image src=\u00bbhttps:\/\/bambuestudio.com.mx\/wp-content\/uploads\/2025\/11\/banner-1.png\u00bb _builder_version=\u00bb4.9.10&#8243; _module_preset=\u00bbdefault\u00bb title_text=\u00bbbanner (1)\u00bb transform_scale=\u00bb38%|38%\u00bb transform_origin=\u00bb-50%|-71%\u00bb url=\u00bbhttps:\/\/bambuestudio.com.mx\/\u00bb transform_styles_last_edited=\u00bbon|desktop\u00bb transform_scale_last_edited=\u00bbon|tablet\u00bb transform_translate_last_edited=\u00bbon|desktop\u00bb transform_rotate_last_edited=\u00bbon|desktop\u00bb transform_skew_last_edited=\u00bbon|desktop\u00bb transform_origin_last_edited=\u00bbon|desktop\u00bb hover_enabled=\u00bb0&#8243; sticky_enabled=\u00bb0&#8243; transform_origin_tablet=\u00bb-10%|-29%\u00bb transform_scale_tablet=\u00bb21%|21%\u00bb transform_scale_phone=\u00bb35%|35%\u00bb transform_origin_phone=\u00bb-10%|-66%\u00bb][\/et_pb_image][\/et_pb_column][et_pb_column _builder_version=\u00bb4.9.10&#8243; _module_preset=\u00bbdefault\u00bb type=\u00bb2_3&#8243;][et_pb_menu _builder_version=\u00bb4.9.10&#8243; _module_preset=\u00bbdefault\u00bb active_link_color=\u00bb#0C71C3&#8243; menu_text_color=\u00bb#FFFFFF\u00bb background_color=\u00bbRGBA(0,0,0,0)\u00bb transform_scale=\u00bb110%|110%\u00bb transform_origin=\u00bb-713%|2050%\u00bb transform_styles_last_edited=\u00bbon|desktop\u00bb transform_scale_last_edited=\u00bbon|tablet\u00bb transform_translate_last_edited=\u00bbon|desktop\u00bb transform_rotate_last_edited=\u00bbon|desktop\u00bb transform_skew_last_edited=\u00bbon|desktop\u00bb transform_origin_last_edited=\u00bbon|desktop\u00bb hover_enabled=\u00bb0&#8243; sticky_enabled=\u00bb0&#8243; transform_origin_tablet=\u00bb68%|5271%\u00bb transform_scale_tablet=\u00bb126%|126%\u00bb transform_origin_phone=\u00bb68%|3299%\u00bb dropdown_menu_bg_color=\u00bb#FFFFFF\u00bb dropdown_menu_line_color=\u00bb#0C71C3&#8243; dropdown_menu_text_color=\u00bb#000000&#8243; dropdown_menu_active_link_color=\u00bb#0C71C3&#8243; mobile_menu_bg_color=\u00bb#FFFFFF\u00bb mobile_menu_text_color=\u00bb#000000&#8243; mobile_menu_text_color_last_edited=\u00bbon|phone\u00bb][\/et_pb_menu][\/et_pb_column][\/et_pb_row][\/et_pb_section][et_pb_section fb_built=\u00bb1&#8243; _builder_version=\u00bb4.9.10&#8243; _module_preset=\u00bbdefault\u00bb title_text=\u00bbWhatsApp Image 2025-11-26 at 1.10.42 AM\u00bb background_image=\u00bbhttps:\/\/bambuestudio.com.mx\/wp-content\/uploads\/2025\/11\/WhatsApp-Image-2025-11-26-at-1.10.42-AM-e1764141123827.jpeg\u00bb hover_enabled=\u00bb0&#8243; sticky_enabled=\u00bb0&#8243; custom_padding=\u00bb||318px|||\u00bb height=\u00bb460px\u00bb height_last_edited=\u00bbon|desktop\u00bb height_tablet=\u00bb420px\u00bb height_phone=\u00bb100px\u00bb max_height_last_edited=\u00bbon|phone\u00bb max_height_phone=\u00bb234px\u00bb][\/et_pb_section][et_pb_section fb_built=\u00bb1&#8243; _builder_version=\u00bb4.9.10&#8243; _module_preset=\u00bbdefault\u00bb][et_pb_row _builder_version=\u00bb4.9.10&#8243; _module_preset=\u00bbdefault\u00bb][et_pb_column _builder_version=\u00bb4.9.10&#8243; _module_preset=\u00bbdefault\u00bb type=\u00bb4_4&#8243;][et_pb_text _builder_version=\u00bb4.9.10&#8243; _module_preset=\u00bbdefault\u00bb hover_enabled=\u00bb0&#8243; sticky_enabled=\u00bb0&#8243;]<\/p>\n<h1 style=\"text-align: center;\"><strong><span style=\"color: #000000;\">Quienes Somos<\/span><\/strong><\/h1>\n<p>[\/et_pb_text][\/et_pb_column][\/et_pb_row][et_pb_row _builder_version=\u00bb4.9.10&#8243; _module_preset=\u00bbdefault\u00bb column_structure=\u00bb3_4,1_4&#8243;][et_pb_column _builder_version=\u00bb4.9.10&#8243; _module_preset=\u00bbdefault\u00bb type=\u00bb3_4&#8243;][et_pb_text _builder_version=\u00bb4.9.10&#8243; _module_preset=\u00bbdefault\u00bb hover_enabled=\u00bb0&#8243; sticky_enabled=\u00bb0&#8243;]<\/p>\n<p data-start=\"318\" data-end=\"657\" style=\"text-align: justify;\"><span style=\"color: #000000;\">En <strong data-start=\"321\" data-end=\"338\">Bambue Studio<\/strong> somos una agencia de marketing digital integral enfocada en ayudar a marcas y emprendimientos a crecer de forma estrat\u00e9gica, creativa y profesional. Nuestro trabajo combina an\u00e1lisis, dise\u00f1o y contenido para construir una presencia digital s\u00f3lida y preparada para competir en un entorno cada vez m\u00e1s visual y conectado.<\/span><\/p>\n<p data-start=\"659\" data-end=\"990\" style=\"text-align: justify;\"><span style=\"color: #000000;\">Creemos en las marcas que se construyen con intenci\u00f3n: identidad clara, comunicaci\u00f3n efectiva y experiencias digitales que inspiren confianza. Por eso reunimos servicios clave como <strong data-start=\"840\" data-end=\"940\">marketing digital, desarrollo web, gesti\u00f3n de redes sociales, dise\u00f1o gr\u00e1fico, fotograf\u00eda y video<\/strong>, creando soluciones completas para cada proyecto.<\/span><\/p>\n<p data-start=\"992\" data-end=\"1284\" style=\"text-align: justify;\"><span style=\"color: #000000;\">Nos gusta trabajar de manera cercana, entendiendo la esencia de cada negocio para desarrollar estrategias que realmente aporten valor. Cada dise\u00f1o, campa\u00f1a o pieza de contenido est\u00e1 pensada para comunicar mejor, conectar con la audiencia y apoyar los objetivos de quienes conf\u00edan en nosotros.<\/span><\/p>\n<p data-start=\"1286\" data-end=\"1493\" style=\"text-align: justify;\"><span style=\"color: #000000;\">En Bambue Studio estamos comprometidos con la calidad, la creatividad y la mejora constante. Nuestro prop\u00f3sito es impulsar tu marca con ideas frescas, ejecuci\u00f3n profesional y resultados que te hagan avanzar.<\/span><\/p>\n<p>[\/et_pb_text][\/et_pb_column][et_pb_column _builder_version=\u00bb4.9.10&#8243; _module_preset=\u00bbdefault\u00bb type=\u00bb1_4&#8243;][et_pb_button button_text=\u00bbInicio\u00bb _builder_version=\u00bb4.9.10&#8243; _module_preset=\u00bbdefault\u00bb button_url=\u00bbhttps:\/\/bambuestudio.com.mx\/\u00bb custom_button=\u00bbon\u00bb button_text_color=\u00bb#000000&#8243; button_text_size=\u00bb26px\u00bb button_border_radius=\u00bb54px\u00bb button_icon=\u00bb%%3%%\u00bb hover_enabled=\u00bb0&#8243; sticky_enabled=\u00bb0&#8243; locked=\u00bboff\u00bb][\/et_pb_button][\/et_pb_column][\/et_pb_row][\/et_pb_section]<\/p>\n","protected":false},"excerpt":{"rendered":"<p>Inicio Quienes somos Portafolio Contacto Quienes Somos En Bambue Studio somos una agencia de marketing digital integral enfocada en ayudar a marcas y emprendimientos a crecer de forma estrat\u00e9gica, creativa y profesional. Nuestro trabajo combina an\u00e1lisis, dise\u00f1o y contenido para construir una presencia digital s\u00f3lida y preparada para competir en un entorno cada vez m\u00e1s [&hellip;]<\/p>\n","protected":false},"author":1,"featured_media":0,"parent":0,"menu_order":0,"comment_status":"closed","ping_status":"closed","template":"","meta":{"_et_pb_use_builder":"on","_et_pb_old_content":"","_et_gb_content_width":"","_glsr_average":0,"_glsr_ranking":0,"_glsr_reviews":0,"_joinchat":[],"footnotes":""},"class_list":["post-281","page","type-page","status-publish","hentry"],"_links":{"self":[{"href":"https:\/\/bambuestudio.com.mx\/index.php\/wp-json\/wp\/v2\/pages\/281","targetHints":{"allow":["GET"]}}],"collection":[{"href":"https:\/\/bambuestudio.com.mx\/index.php\/wp-json\/wp\/v2\/pages"}],"about":[{"href":"https:\/\/bambuestudio.com.mx\/index.php\/wp-json\/wp\/v2\/types\/page"}],"author":[{"embeddable":true,"href":"https:\/\/bambuestudio.com.mx\/index.php\/wp-json\/wp\/v2\/users\/1"}],"replies":[{"embeddable":true,"href":"https:\/\/bambuestudio.com.mx\/index.php\/wp-json\/wp\/v2\/comments?post=281"}],"version-history":[{"count":4,"href":"https:\/\/bambuestudio.com.mx\/index.php\/wp-json\/wp\/v2\/pages\/281\/revisions"}],"predecessor-version":[{"id":327,"href":"https:\/\/bambuestudio.com.mx\/index.php\/wp-json\/wp\/v2\/pages\/281\/revisions\/327"}],"wp:attachment":[{"href":"https:\/\/bambuestudio.com.mx\/index.php\/wp-json\/wp\/v2\/media?parent=281"}],"curies":[{"name":"wp","href":"https:\/\/api.w.org\/{rel}","templated":true}]}}