{"id":211,"date":"2025-11-26T01:39:17","date_gmt":"2025-11-26T01:39:17","guid":{"rendered":"https:\/\/bambuestudio.com.mx\/?page_id=211"},"modified":"2026-03-27T00:34:26","modified_gmt":"2026-03-27T00:34:26","slug":"portafolio","status":"publish","type":"page","link":"https:\/\/bambuestudio.com.mx\/index.php\/portafolio\/","title":{"rendered":"Portafolio"},"content":{"rendered":"<p>[et_pb_section fb_built=\u00bb1&#8243; _builder_version=\u00bb4.9.10&#8243; _module_preset=\u00bbdefault\u00bb background_color=\u00bb#000000&#8243; background_enable_image=\u00bboff\u00bb max_width=\u00bb100%\u00bb min_height=\u00bb89px\u00bb min_height_tablet=\u00bb333px\u00bb min_height_phone=\u00bb203px\u00bb min_height_last_edited=\u00bbon|desktop\u00bb height=\u00bb81px\u00bb height_tablet=\u00bb56px\u00bb height_phone=\u00bb51px\u00bb height_last_edited=\u00bbon|desktop\u00bb max_height=\u00bb773px\u00bb custom_padding=\u00bb62px|68px|0px|||\u00bb background_last_edited=\u00bbon|tablet\u00bb locked=\u00bboff\u00bb][et_pb_row column_structure=\u00bb1_3,2_3&#8243; _builder_version=\u00bb4.9.10&#8243; _module_preset=\u00bbdefault\u00bb][et_pb_column type=\u00bb1_3&#8243; _builder_version=\u00bb4.9.10&#8243; _module_preset=\u00bbdefault\u00bb][et_pb_image src=\u00bbhttps:\/\/bambuestudio.com.mx\/wp-content\/uploads\/2025\/11\/banner-1.png\u00bb title_text=\u00bbbanner (1)\u00bb url=\u00bbhttps:\/\/bambuestudio.com.mx\/\u00bb _builder_version=\u00bb4.9.10&#8243; _module_preset=\u00bbdefault\u00bb transform_scale=\u00bb38%|38%\u00bb transform_scale_tablet=\u00bb21%|21%\u00bb transform_scale_phone=\u00bb35%|35%\u00bb transform_scale_last_edited=\u00bbon|tablet\u00bb transform_translate_tablet=\u00bb\u00bb transform_translate_phone=\u00bb\u00bb transform_translate_last_edited=\u00bbon|desktop\u00bb transform_rotate_tablet=\u00bb\u00bb transform_rotate_phone=\u00bb\u00bb transform_rotate_last_edited=\u00bbon|desktop\u00bb transform_skew_tablet=\u00bb\u00bb transform_skew_phone=\u00bb\u00bb transform_skew_last_edited=\u00bbon|desktop\u00bb transform_origin=\u00bb-50%|-71%\u00bb transform_origin_tablet=\u00bb-10%|-29%\u00bb transform_origin_phone=\u00bb-10%|-66%\u00bb transform_origin_last_edited=\u00bbon|desktop\u00bb transform_styles_last_edited=\u00bbon|desktop\u00bb transform_styles_tablet=\u00bb\u00bb transform_styles_phone=\u00bb\u00bb][\/et_pb_image][\/et_pb_column][et_pb_column type=\u00bb2_3&#8243; _builder_version=\u00bb4.9.10&#8243; _module_preset=\u00bbdefault\u00bb][et_pb_menu active_link_color=\u00bb#0C71C3&#8243; dropdown_menu_bg_color=\u00bb#FFFFFF\u00bb dropdown_menu_line_color=\u00bb#0C71C3&#8243; dropdown_menu_text_color=\u00bb#000000&#8243; dropdown_menu_active_link_color=\u00bb#0C71C3&#8243; mobile_menu_bg_color=\u00bb#FFFFFF\u00bb mobile_menu_text_color=\u00bb#000000&#8243; mobile_menu_text_color_tablet=\u00bb\u00bb mobile_menu_text_color_phone=\u00bb\u00bb mobile_menu_text_color_last_edited=\u00bbon|phone\u00bb _builder_version=\u00bb4.9.10&#8243; _module_preset=\u00bbdefault\u00bb menu_text_color=\u00bb#FFFFFF\u00bb background_color=\u00bbRGBA(0,0,0,0)\u00bb transform_scale=\u00bb110%|110%\u00bb transform_scale_tablet=\u00bb127%|127%\u00bb transform_scale_phone=\u00bb\u00bb transform_scale_last_edited=\u00bbon|tablet\u00bb transform_translate_tablet=\u00bb\u00bb transform_translate_phone=\u00bb\u00bb transform_translate_last_edited=\u00bbon|desktop\u00bb transform_rotate_tablet=\u00bb\u00bb transform_rotate_phone=\u00bb\u00bb transform_rotate_last_edited=\u00bbon|desktop\u00bb transform_skew_tablet=\u00bb\u00bb transform_skew_phone=\u00bb\u00bb transform_skew_last_edited=\u00bbon|desktop\u00bb transform_origin=\u00bb-713%|2050%\u00bb transform_origin_tablet=\u00bb68%|4743%\u00bb transform_origin_phone=\u00bb10%|2765%\u00bb transform_origin_last_edited=\u00bbon|phone\u00bb transform_styles_last_edited=\u00bbon|phone\u00bb transform_styles_tablet=\u00bb\u00bb transform_styles_phone=\u00bb\u00bb][\/et_pb_menu][\/et_pb_column][\/et_pb_row][\/et_pb_section][et_pb_section fb_built=\u00bb1&#8243; _builder_version=\u00bb4.9.10&#8243; _module_preset=\u00bbdefault\u00bb background_color=\u00bb#000000&#8243; custom_padding=\u00bb||0px|||\u00bb][et_pb_row _builder_version=\u00bb4.9.10&#8243; _module_preset=\u00bbdefault\u00bb][et_pb_column type=\u00bb4_4&#8243; _builder_version=\u00bb4.9.10&#8243; _module_preset=\u00bbdefault\u00bb][et_pb_text _builder_version=\u00bb4.9.10&#8243; _module_preset=\u00bbdefault\u00bb transform_scale=\u00bb146%|146%\u00bb transform_scale_tablet=\u00bb126%|126%\u00bb transform_scale_phone=\u00bb120%|120%\u00bb transform_scale_last_edited=\u00bbon|phone\u00bb transform_translate_tablet=\u00bb\u00bb transform_translate_phone=\u00bb\u00bb transform_translate_last_edited=\u00bbon|desktop\u00bb transform_rotate_tablet=\u00bb\u00bb transform_rotate_phone=\u00bb\u00bb transform_rotate_last_edited=\u00bbon|desktop\u00bb transform_skew_tablet=\u00bb\u00bb transform_skew_phone=\u00bb\u00bb transform_skew_last_edited=\u00bbon|desktop\u00bb transform_origin=\u00bb50%|520%\u00bb transform_origin_tablet=\u00bb50%|2596%\u00bb transform_origin_phone=\u00bb42%|1118%\u00bb transform_origin_last_edited=\u00bbon|phone\u00bb transform_styles_last_edited=\u00bbon|phone\u00bb transform_styles_tablet=\u00bb\u00bb transform_styles_phone=\u00bb\u00bb]<\/p>\n<h1 style=\"text-align: center;\"><span style=\"color: #00ffff;\"><strong>Portafolios de Bambue<\/strong><\/span><\/h1>\n<p>[\/et_pb_text][\/et_pb_column][\/et_pb_row][\/et_pb_section][et_pb_section fb_built=\u00bb1&#8243; _builder_version=\u00bb4.9.10&#8243; _module_preset=\u00bbdefault\u00bb background_color=\u00bb#000000&#8243; custom_padding=\u00bb||0px|||\u00bb][et_pb_row column_structure=\u00bb1_3,1_3,1_3&#8243; _builder_version=\u00bb4.9.10&#8243; _module_preset=\u00bbdefault\u00bb background_color=\u00bb#FFFFFF\u00bb transform_scale=\u00bb104%|104%\u00bb transform_scale_tablet=\u00bb\u00bb transform_scale_phone=\u00bb\u00bb transform_scale_last_edited=\u00bbon|desktop\u00bb transform_translate_tablet=\u00bb\u00bb transform_translate_phone=\u00bb\u00bb transform_translate_last_edited=\u00bbon|desktop\u00bb transform_rotate_tablet=\u00bb\u00bb transform_rotate_phone=\u00bb\u00bb transform_rotate_last_edited=\u00bbon|desktop\u00bb transform_skew_tablet=\u00bb\u00bb transform_skew_phone=\u00bb\u00bb transform_skew_last_edited=\u00bbon|desktop\u00bb transform_origin=\u00bb50%|1050%\u00bb transform_origin_tablet=\u00bb50%|1863%\u00bb transform_origin_phone=\u00bb50%|1192%\u00bb transform_origin_last_edited=\u00bbon|phone\u00bb transform_styles_last_edited=\u00bbon|phone\u00bb transform_styles_tablet=\u00bb\u00bb transform_styles_phone=\u00bb\u00bb border_radii=\u00bbon|16px|16px|16px|16px\u00bb border_width_all=\u00bb22px\u00bb border_color_all=\u00bb#FFFFFF\u00bb box_shadow_style=\u00bbpreset1&#8243; locked=\u00bboff\u00bb][et_pb_column type=\u00bb1_3&#8243; _builder_version=\u00bb4.9.10&#8243; _module_preset=\u00bbdefault\u00bb][et_pb_button button_url=\u00bbhttps:\/\/bambuestudio.com.mx\/wp-content\/uploads\/2026\/03\/Portafolio-Bambue-Studio-2.pdf\u00bb button_text=\u00bbDise\u00f1o Gr\u00e1fico\u00bb _builder_version=\u00bb4.9.10&#8243; _module_preset=\u00bbdefault\u00bb custom_button=\u00bbon\u00bb button_text_color=\u00bb#FFFFFF\u00bb button_bg_color=\u00bb#000000&#8243; button_border_radius=\u00bb38px\u00bb transform_scale=\u00bb144%|144%\u00bb transform_scale_tablet=\u00bb138%|138%\u00bb transform_scale_phone=\u00bb110%|110%\u00bb transform_scale_last_edited=\u00bbon|tablet\u00bb transform_translate_tablet=\u00bb\u00bb transform_translate_phone=\u00bb\u00bb transform_translate_last_edited=\u00bbon|desktop\u00bb transform_rotate_tablet=\u00bb\u00bb transform_rotate_phone=\u00bb\u00bb transform_rotate_last_edited=\u00bbon|desktop\u00bb transform_skew_tablet=\u00bb\u00bb transform_skew_phone=\u00bb\u00bb transform_skew_last_edited=\u00bbon|desktop\u00bb transform_origin=\u00bb-40%|50%\u00bb transform_origin_tablet=\u00bb-231%|50%\u00bb transform_origin_phone=\u00bb\u00bb transform_origin_last_edited=\u00bbon|phone\u00bb transform_styles_last_edited=\u00bbon|phone\u00bb hover_enabled=\u00bb0&#8243; transform_styles_tablet=\u00bb\u00bb transform_styles_phone=\u00bb\u00bb box_shadow_style=\u00bbpreset3&#8243; button_use_icon=\u00bboff\u00bb sticky_enabled=\u00bb0&#8243;][\/et_pb_button][\/et_pb_column][et_pb_column type=\u00bb1_3&#8243; _builder_version=\u00bb4.9.10&#8243; _module_preset=\u00bbdefault\u00bb][et_pb_button button_url=\u00bbhttps:\/\/bambuestudio.com.mx\/wp-content\/uploads\/2026\/03\/Fotografia-Bambue-1.pdf\u00bb button_text=\u00bbFotograf\u00eda\u00bb button_text_tablet=\u00bb\u00bb button_text_phone=\u00bb\u00bb button_text_last_edited=\u00bbon|tablet\u00bb _builder_version=\u00bb4.9.10&#8243; _module_preset=\u00bbdefault\u00bb custom_button=\u00bbon\u00bb button_text_color=\u00bb#FFFFFF\u00bb button_bg_color=\u00bb#000000&#8243; button_border_radius=\u00bb38px\u00bb transform_scale=\u00bb142%|142%\u00bb transform_scale_tablet=\u00bb139%|139%\u00bb transform_scale_phone=\u00bb110%|110%\u00bb transform_scale_last_edited=\u00bbon|tablet\u00bb transform_translate_tablet=\u00bb\u00bb transform_translate_phone=\u00bb\u00bb transform_translate_last_edited=\u00bbon|desktop\u00bb transform_rotate_tablet=\u00bb\u00bb transform_rotate_phone=\u00bb\u00bb transform_rotate_last_edited=\u00bbon|desktop\u00bb transform_skew_tablet=\u00bb\u00bb transform_skew_phone=\u00bb\u00bb transform_skew_last_edited=\u00bbon|desktop\u00bb transform_origin=\u00bb-28%|50%\u00bb transform_origin_tablet=\u00bb-350%|50%\u00bb transform_origin_phone=\u00bb-472%|50%\u00bb transform_origin_last_edited=\u00bbon|phone\u00bb transform_styles_last_edited=\u00bbon|phone\u00bb hover_enabled=\u00bb0&#8243; transform_styles_tablet=\u00bb\u00bb transform_styles_phone=\u00bb\u00bb box_shadow_style=\u00bbpreset3&#8243; locked=\u00bboff\u00bb button_use_icon=\u00bboff\u00bb sticky_enabled=\u00bb0&#8243;][\/et_pb_button][\/et_pb_column][et_pb_column type=\u00bb1_3&#8243; _builder_version=\u00bb4.9.10&#8243; _module_preset=\u00bbdefault\u00bb][et_pb_button button_text=\u00bbVideo\u00bb button_text_tablet=\u00bb\u00bb button_text_phone=\u00bb\u00bb button_text_last_edited=\u00bbon|tablet\u00bb _builder_version=\u00bb4.9.10&#8243; _module_preset=\u00bbdefault\u00bb custom_button=\u00bbon\u00bb button_text_color=\u00bb#FFFFFF\u00bb button_bg_color=\u00bb#000000&#8243; button_border_radius=\u00bb38px\u00bb transform_scale=\u00bb144%|144%\u00bb transform_scale_tablet=\u00bb139%|139%\u00bb transform_scale_phone=\u00bb109%|109%\u00bb transform_scale_last_edited=\u00bbon|tablet\u00bb transform_translate_tablet=\u00bb\u00bb transform_translate_phone=\u00bb\u00bb transform_translate_last_edited=\u00bbon|desktop\u00bb transform_rotate_tablet=\u00bb\u00bb transform_rotate_phone=\u00bb\u00bb transform_rotate_last_edited=\u00bbon|desktop\u00bb transform_skew_tablet=\u00bb\u00bb transform_skew_phone=\u00bb\u00bb transform_skew_last_edited=\u00bbon|desktop\u00bb transform_origin=\u00bb-3%|50%\u00bb transform_origin_tablet=\u00bb-585%|50%\u00bb transform_origin_phone=\u00bb-1016%|50%\u00bb transform_origin_last_edited=\u00bbon|phone\u00bb transform_styles_last_edited=\u00bbon|phone\u00bb hover_enabled=\u00bb0&#8243; transform_styles_tablet=\u00bb\u00bb transform_styles_phone=\u00bb\u00bb box_shadow_style=\u00bbpreset3&#8243; locked=\u00bboff\u00bb button_url=\u00bbhttps:\/\/bambuestudio.com.mx\/index.php\/portafolio-video\/\u00bb sticky_enabled=\u00bb0&#8243; button_use_icon=\u00bboff\u00bb][\/et_pb_button][\/et_pb_column][\/et_pb_row][\/et_pb_section][et_pb_section fb_built=\u00bb1&#8243; _builder_version=\u00bb4.9.10&#8243; _module_preset=\u00bbdefault\u00bb background_color=\u00bb#545454&#8243;][et_pb_row column_structure=\u00bb3_4,1_4&#8243; _builder_version=\u00bb4.9.10&#8243; _module_preset=\u00bbdefault\u00bb transform_scale_tablet=\u00bb\u00bb transform_scale_phone=\u00bb\u00bb transform_scale_last_edited=\u00bbon|phone\u00bb transform_translate_tablet=\u00bb\u00bb transform_translate_phone=\u00bb\u00bb transform_translate_last_edited=\u00bbon|desktop\u00bb transform_rotate_tablet=\u00bb\u00bb transform_rotate_phone=\u00bb\u00bb transform_rotate_last_edited=\u00bbon|desktop\u00bb transform_skew_tablet=\u00bb\u00bb transform_skew_phone=\u00bb\u00bb transform_skew_last_edited=\u00bbon|desktop\u00bb transform_origin_tablet=\u00bb\u00bb transform_origin_phone=\u00bb\u00bb transform_origin_last_edited=\u00bbon|desktop\u00bb transform_styles_last_edited=\u00bbon|phone\u00bb transform_styles_tablet=\u00bb\u00bb transform_styles_phone=\u00bb\u00bb][et_pb_column type=\u00bb3_4&#8243; _builder_version=\u00bb4.9.10&#8243; _module_preset=\u00bbdefault\u00bb][et_pb_text content_tablet=\u00bb<\/p>\n<h3 data-start=%22125%22 data-end=%22149%22><span style=%22color: #ff00ff;%22><strong data-start=%22129%22 data-end=%22147%22>Creamos marcas<\/strong><\/span><\/h3>\n<p data-start=%22150%22 data-end=%22362%22><span style=%22color: #ff00ff;%22>que conectan, comunican y dejan huella. Cada proyecto refleja nuestra visi\u00f3n estrat\u00e9gica y el compromiso por transformar ideas en identidades s\u00f3lidas, est\u00e9ticas y memorables. Gracias por explorar nuestro trabajo.<\/span><\/p>\n<p>\u00bb content_phone=\u00bb<\/p>\n<h3 data-start=%22125%22 data-end=%22149%22><span style=%22color: #ff00ff;%22><strong data-start=%22129%22 data-end=%22147%22>Creamos marcas<\/strong><\/span><\/h3>\n<p data-start=%22150%22 data-end=%22362%22><span style=%22color: #ff00ff;%22>que conectan, comunican y dejan huella. Cada proyecto refleja nuestra visi\u00f3n estrat\u00e9gica y el compromiso por transformar ideas en identidades s\u00f3lidas, est\u00e9ticas y memorables. Gracias por explorar nuestro trabajo.<\/span><\/p>\n<p>\u00bb content_last_edited=\u00bbon|desktop\u00bb _builder_version=\u00bb4.9.10&#8243; _module_preset=\u00bbdefault\u00bb]<\/p>\n<h3 data-start=\"125\" data-end=\"149\"><span style=\"color: #ff00ff;\"><strong data-start=\"129\" data-end=\"147\">Bambue Studio<\/strong><\/span><\/h3>\n<p data-start=\"150\" data-end=\"362\"><span style=\"color: #ff00ff;\">Direcci\u00f3n creativa enfocada en resultados.<\/span><\/p>\n<p>[\/et_pb_text][\/et_pb_column][et_pb_column type=\u00bb1_4&#8243; _builder_version=\u00bb4.9.10&#8243; _module_preset=\u00bbdefault\u00bb][et_pb_button button_url=\u00bbhttps:\/\/bambuestudio.com.mx\/\u00bb button_text=\u00bbInicio\u00bb _builder_version=\u00bb4.9.10&#8243; _module_preset=\u00bbdefault\u00bb custom_button=\u00bbon\u00bb button_text_size=\u00bb28px\u00bb button_text_color=\u00bb#FFFFFF\u00bb button_border_radius=\u00bb54px\u00bb button_use_icon=\u00bboff\u00bb][\/et_pb_button][\/et_pb_column][\/et_pb_row][\/et_pb_section]<\/p>\n","protected":false},"excerpt":{"rendered":"<p>Inicio Quienes somos Portafolio Contacto Portafolios de Bambue Dise\u00f1o Gr\u00e1fico Fotograf\u00eda Video Bambue Studio Direcci\u00f3n creativa enfocada en resultados. Inicio<\/p>\n","protected":false},"author":1,"featured_media":0,"parent":0,"menu_order":0,"comment_status":"closed","ping_status":"closed","template":"","meta":{"_et_pb_use_builder":"on","_et_pb_old_content":"","_et_gb_content_width":"","_glsr_average":0,"_glsr_ranking":0,"_glsr_reviews":0,"_joinchat":[],"footnotes":""},"class_list":["post-211","page","type-page","status-publish","hentry"],"_links":{"self":[{"href":"https:\/\/bambuestudio.com.mx\/index.php\/wp-json\/wp\/v2\/pages\/211","targetHints":{"allow":["GET"]}}],"collection":[{"href":"https:\/\/bambuestudio.com.mx\/index.php\/wp-json\/wp\/v2\/pages"}],"about":[{"href":"https:\/\/bambuestudio.com.mx\/index.php\/wp-json\/wp\/v2\/types\/page"}],"author":[{"embeddable":true,"href":"https:\/\/bambuestudio.com.mx\/index.php\/wp-json\/wp\/v2\/users\/1"}],"replies":[{"embeddable":true,"href":"https:\/\/bambuestudio.com.mx\/index.php\/wp-json\/wp\/v2\/comments?post=211"}],"version-history":[{"count":25,"href":"https:\/\/bambuestudio.com.mx\/index.php\/wp-json\/wp\/v2\/pages\/211\/revisions"}],"predecessor-version":[{"id":388,"href":"https:\/\/bambuestudio.com.mx\/index.php\/wp-json\/wp\/v2\/pages\/211\/revisions\/388"}],"wp:attachment":[{"href":"https:\/\/bambuestudio.com.mx\/index.php\/wp-json\/wp\/v2\/media?parent=211"}],"curies":[{"name":"wp","href":"https:\/\/api.w.org\/{rel}","templated":true}]}}